{"id":97,"date":"2020-11-26T15:33:12","date_gmt":"2020-11-26T14:33:12","guid":{"rendered":"https:\/\/moser-massing.de\/napoleon\/?post_type=product&#038;p=97"},"modified":"2023-09-27T11:30:58","modified_gmt":"2023-09-27T09:30:58","slug":"prestige-500-charcoal-grau","status":"publish","type":"product","link":"https:\/\/www.moser-massing.de\/napoleon\/produkt\/prestige-500-charcoal-grau\/","title":{"rendered":"Prestige\u00ae 500 Rauchgrau"},"content":{"rendered":"\n<p>Der Napoleon Gasgrill Prestige\u00ae 500 mit Infrarot-Seiten- und Heckbrenner hat alles, was man zum Grillen braucht. Die Konstruktion dieses Grills ist hochwertig in der Verarbeitung und hat alle M\u00f6glichkeiten, damit Sie Ihre K\u00fcche ins Freie bringen. Mit vier Hauptbrennern, einem Infrarot-Heckbrenner, sowie einem SIZZLE ZONE\u2122 Infrarot-Seitenbrenner k\u00f6nnen Sie mit diesem Grill Gerichte in verschiedenen Grill-Varianten zubereiten. Es gibt genug Platz f\u00fcr bis zu 30 Hamburger und f\u00fcr noch mehr Grillgut am Infrarot-Seitenbrenner. Sie erkennen unsere ikonischen Napoleon WAVE\u2122 Grillroste am charakteristischen Branding auf Ihrem Grillgut. Nicht nur au\u00dfen langlebig &#8211; unter der Haube befindet sich hochwertiger Edelstahl, der auch f\u00fcr die Rohrbrenner, die zweistufigen Flammenschutzeins\u00e4tze und die Grillroste verwendet wird. Die sieben Edelstahl-Flammenschutzeins\u00e4tze sorgen f\u00fcr eine gleichm\u00e4\u00dfige Hitzeverteilung und sorgen daf\u00fcr Fetttropfen von Ihren Lebensmitteln verdampfen und so wird ein Aufflammen verhindert. Vergessen Sie nie wieder Ihren Grill auszuschalten. Alle Grills der Prestige\u00ae-Serie sind mit der SAFETY GLOW\u2122 Funktion ausgestattet &#8211; dank dieser Ausstattung leuchten alle Drehkn\u00f6pfe rot bei denen die Gaszufuhr der Brenner noch an ist.<\/p>\n","protected":false},"featured_media":367,"parent":0,"template":"","product_tax":[6],"_links":{"self":[{"href":"https:\/\/www.moser-massing.de\/napoleon\/wp-json\/wp\/v2\/product\/97"}],"collection":[{"href":"https:\/\/www.moser-massing.de\/napoleon\/wp-json\/wp\/v2\/product"}],"about":[{"href":"https:\/\/www.moser-massing.de\/napoleon\/wp-json\/wp\/v2\/types\/product"}],"wp:featuredmedia":[{"embeddable":true,"href":"https:\/\/www.moser-massing.de\/napoleon\/wp-json\/wp\/v2\/media\/367"}],"wp:attachment":[{"href":"https:\/\/www.moser-massing.de\/napoleon\/wp-json\/wp\/v2\/media?parent=97"}],"wp:term":[{"taxonomy":"product_tax","embeddable":true,"href":"https:\/\/www.moser-massing.de\/napoleon\/wp-json\/wp\/v2\/product_tax?post=97"}],"curies":[{"name":"wp","href":"https:\/\/api.w.org\/{rel}","templated":true}]}}