{"id":158,"date":"2020-11-27T10:47:30","date_gmt":"2020-11-27T09:47:30","guid":{"rendered":"https:\/\/moser-massing.de\/napoleon\/?post_type=product&#038;p=158"},"modified":"2023-09-27T11:38:35","modified_gmt":"2023-09-27T09:38:35","slug":"travelq-pro285e","status":"publish","type":"product","link":"https:\/\/www.moser-massing.de\/napoleon\/produkt\/travelq-pro285e\/","title":{"rendered":"TRAVELQ\u2122 PRO285E"},"content":{"rendered":"\n<p>Der mobile Elektrogrill TravelQ\u2122 PRO285 von Napoleon ist stylisch, vollschwarz mit Aluminiumguss. Durch das Design mit hohem Deckel k\u00f6nnen Sie das mobile Grillen auf eine ganz neue Gourmet-Ebene bringen. Die winddichte Konstruktion h\u00e4lt die W\u00e4rme im Inneren. Auf der 54 x 37 cm gro\u00dfen Grillfl\u00e4che befinden sich WAVE\u2122 Grillroste, welche f\u00fcr ein sch\u00f6nes Branding am Grillgut sorgen. Diese Grillroste aus porzellanbeschichtetem Gusseisen werden gleichm\u00e4\u00dfig erhitzt und geben sie optimal an Ihr Grillgut ab. F\u00fcr eine einfache Reinigung k\u00f6nnen Sie das Thermostat zur Hitzregulierung, die Heizspirale und die darunterliegende porzellanemaillierte Tropfschale entnehmen. Dieser Grill ist einfach zu transportieren und aufzubauen und damit perfekt f\u00fcr jedes Abenteuer geeignet. Dieser professionelle Grill mit seiner mobilen Ausf\u00fchrung ist einfach unschlagbar.<\/p>\n","protected":false},"featured_media":386,"parent":0,"template":"","product_tax":[7],"_links":{"self":[{"href":"https:\/\/www.moser-massing.de\/napoleon\/wp-json\/wp\/v2\/product\/158"}],"collection":[{"href":"https:\/\/www.moser-massing.de\/napoleon\/wp-json\/wp\/v2\/product"}],"about":[{"href":"https:\/\/www.moser-massing.de\/napoleon\/wp-json\/wp\/v2\/types\/product"}],"wp:featuredmedia":[{"embeddable":true,"href":"https:\/\/www.moser-massing.de\/napoleon\/wp-json\/wp\/v2\/media\/386"}],"wp:attachment":[{"href":"https:\/\/www.moser-massing.de\/napoleon\/wp-json\/wp\/v2\/media?parent=158"}],"wp:term":[{"taxonomy":"product_tax","embeddable":true,"href":"https:\/\/www.moser-massing.de\/napoleon\/wp-json\/wp\/v2\/product_tax?post=158"}],"curies":[{"name":"wp","href":"https:\/\/api.w.org\/{rel}","templated":true}]}}