{"id":149,"date":"2020-11-27T10:42:18","date_gmt":"2020-11-27T09:42:18","guid":{"rendered":"https:\/\/moser-massing.de\/napoleon\/?post_type=product&#038;p=149"},"modified":"2023-09-27T11:38:06","modified_gmt":"2023-09-27T09:38:06","slug":"travelq-pro285","status":"publish","type":"product","link":"https:\/\/www.moser-massing.de\/napoleon\/produkt\/travelq-pro285\/","title":{"rendered":"TRAVELQ\u2122 PRO285"},"content":{"rendered":"\n<p>Napoleons mobiler Gasgrill TravelQ\u2122 PRO285 \u00fcberzeugt. Grillen Sie bis zu 20 Hamburger auf einmal auf der 54 x37 cm gro\u00dfen Grillfl\u00e4che. Sie m\u00fcssen nichts aufbauen oder vorbereiten. Alles, was Sie brauchen, ist Propangas. Das stylische, vollschwarze Finish mit Chromdetails passt zu Ihrem Au\u00dfendekor. Durch das Design mit hohem Deckel aus Aluminiumguss k\u00f6nnen Sie das mobile Grillen auf eine ganz neue Gourmet-Ebene bringen. Grillen Sie dank der beiden getrennt regulierbaren Edelstahl- Brenner direkt als auch indirekt. Der hohe Deckel bietet zus\u00e4tzlichen Platz in der Grillkammer und ist somit auch geeignet f\u00fcr das Grillen von gr\u00f6\u00dferem Grillgut wie z.B. ganzen Bratenst\u00fccken. Die WAVE\u2122Grillroste aus porzellan-emailliertem Gusseisen speichern die Hitze opitmal und sorgen f\u00fcr ein sch\u00f6nes Branding am Grillgut.<\/p>\n","protected":false},"featured_media":384,"parent":0,"template":"","product_tax":[7],"_links":{"self":[{"href":"https:\/\/www.moser-massing.de\/napoleon\/wp-json\/wp\/v2\/product\/149"}],"collection":[{"href":"https:\/\/www.moser-massing.de\/napoleon\/wp-json\/wp\/v2\/product"}],"about":[{"href":"https:\/\/www.moser-massing.de\/napoleon\/wp-json\/wp\/v2\/types\/product"}],"wp:featuredmedia":[{"embeddable":true,"href":"https:\/\/www.moser-massing.de\/napoleon\/wp-json\/wp\/v2\/media\/384"}],"wp:attachment":[{"href":"https:\/\/www.moser-massing.de\/napoleon\/wp-json\/wp\/v2\/media?parent=149"}],"wp:term":[{"taxonomy":"product_tax","embeddable":true,"href":"https:\/\/www.moser-massing.de\/napoleon\/wp-json\/wp\/v2\/product_tax?post=149"}],"curies":[{"name":"wp","href":"https:\/\/api.w.org\/{rel}","templated":true}]}}